{"id":601,"date":"2017-09-13T15:27:05","date_gmt":"2017-09-13T15:27:05","guid":{"rendered":"http:\/\/exportou.com\/da-el-salto\/estudios\/"},"modified":"2018-02-06T18:01:15","modified_gmt":"2018-02-06T18:01:15","slug":"informes","status":"publish","type":"page","link":"https:\/\/exportou.com\/fr\/informes\/","title":{"rendered":"Informes"},"content":{"rendered":"<p>Queremos que EXPORTOU sea una plataforma que ayude a las empresas a exportar m\u00e1s y mejor, para ello iremos publicando aquellos estudios que consideremos que aportan informaci\u00f3n de inter\u00e9s para los usuarios de esta plataforma.<\/p>\n","protected":false},"excerpt":{"rendered":"<p>Queremos que EXPORTOU sea una plataforma que ayude a las empresas a exportar m\u00e1s y mejor, para ello iremos publicando aquellos estudios que consideremos que aportan informaci\u00f3n de inter\u00e9s para los usuarios de esta plataforma.<\/p>\n","protected":false},"author":1,"featured_media":0,"parent":0,"menu_order":4,"comment_status":"closed","ping_status":"closed","template":"templates\/template-estudios.php","meta":[],"yoast_head":"<!-- This site is optimized with the Yoast SEO plugin v20.9 - https:\/\/yoast.com\/wordpress\/plugins\/seo\/ -->\n<title>EXPORTOU. Estudios sobre internacionalizaci\u00f3n<\/title>\n<meta name=\"description\" content=\"Estudios que aportan informaci\u00f3n de inter\u00e9s para los usuarios de esta plataforma EXPORTOU\" \/>\n<meta name=\"robots\" content=\"index, follow, max-snippet:-1, max-image-preview:large, max-video-preview:-1\" \/>\n<link rel=\"canonical\" href=\"https:\/\/exportou.com\/fr\/informes\/\" \/>\n<meta property=\"og:locale\" content=\"fr_FR\" \/>\n<meta property=\"og:type\" content=\"article\" \/>\n<meta property=\"og:title\" content=\"EXPORTOU. Estudios sobre internacionalizaci\u00f3n\" \/>\n<meta property=\"og:description\" content=\"Estudios que aportan informaci\u00f3n de inter\u00e9s para los usuarios de esta plataforma EXPORTOU\" \/>\n<meta property=\"og:url\" content=\"https:\/\/exportou.com\/fr\/informes\/\" \/>\n<meta property=\"og:site_name\" content=\"Exportou\" \/>\n<meta property=\"article:modified_time\" content=\"2018-02-06T18:01:15+00:00\" \/>\n<meta name=\"twitter:card\" content=\"summary_large_image\" \/>\n<script type=\"application\/ld+json\" class=\"yoast-schema-graph\">{\"@context\":\"https:\/\/schema.org\",\"@graph\":[{\"@type\":\"WebPage\",\"@id\":\"https:\/\/exportou.com\/fr\/informes\/\",\"url\":\"https:\/\/exportou.com\/fr\/informes\/\",\"name\":\"EXPORTOU. Estudios sobre internacionalizaci\u00f3n\",\"isPartOf\":{\"@id\":\"https:\/\/exportou.com\/#website\"},\"datePublished\":\"2017-09-13T15:27:05+00:00\",\"dateModified\":\"2018-02-06T18:01:15+00:00\",\"description\":\"Estudios que aportan informaci\u00f3n de inter\u00e9s para los usuarios de esta plataforma EXPORTOU\",\"breadcrumb\":{\"@id\":\"https:\/\/exportou.com\/fr\/informes\/#breadcrumb\"},\"inLanguage\":\"fr-FR\",\"potentialAction\":[{\"@type\":\"ReadAction\",\"target\":[\"https:\/\/exportou.com\/fr\/informes\/\"]}]},{\"@type\":\"BreadcrumbList\",\"@id\":\"https:\/\/exportou.com\/fr\/informes\/#breadcrumb\",\"itemListElement\":[{\"@type\":\"ListItem\",\"position\":1,\"name\":\"Portada\",\"item\":\"https:\/\/exportou.com\/fr\/inicio-2\/\"},{\"@type\":\"ListItem\",\"position\":2,\"name\":\"Informes\"}]},{\"@type\":\"WebSite\",\"@id\":\"https:\/\/exportou.com\/#website\",\"url\":\"https:\/\/exportou.com\/\",\"name\":\"Exportou\",\"description\":\"\",\"potentialAction\":[{\"@type\":\"SearchAction\",\"target\":{\"@type\":\"EntryPoint\",\"urlTemplate\":\"https:\/\/exportou.com\/?s={search_term_string}\"},\"query-input\":\"required name=search_term_string\"}],\"inLanguage\":\"fr-FR\"}]}<\/script>\n<!-- \/ Yoast SEO plugin. -->","yoast_head_json":{"title":"EXPORTOU. Estudios sobre internacionalizaci\u00f3n","description":"Estudios que aportan informaci\u00f3n de inter\u00e9s para los usuarios de esta plataforma EXPORTOU","robots":{"index":"index","follow":"follow","max-snippet":"max-snippet:-1","max-image-preview":"max-image-preview:large","max-video-preview":"max-video-preview:-1"},"canonical":"https:\/\/exportou.com\/fr\/informes\/","og_locale":"fr_FR","og_type":"article","og_title":"EXPORTOU. Estudios sobre internacionalizaci\u00f3n","og_description":"Estudios que aportan informaci\u00f3n de inter\u00e9s para los usuarios de esta plataforma EXPORTOU","og_url":"https:\/\/exportou.com\/fr\/informes\/","og_site_name":"Exportou","article_modified_time":"2018-02-06T18:01:15+00:00","twitter_card":"summary_large_image","schema":{"@context":"https:\/\/schema.org","@graph":[{"@type":"WebPage","@id":"https:\/\/exportou.com\/fr\/informes\/","url":"https:\/\/exportou.com\/fr\/informes\/","name":"EXPORTOU. Estudios sobre internacionalizaci\u00f3n","isPartOf":{"@id":"https:\/\/exportou.com\/#website"},"datePublished":"2017-09-13T15:27:05+00:00","dateModified":"2018-02-06T18:01:15+00:00","description":"Estudios que aportan informaci\u00f3n de inter\u00e9s para los usuarios de esta plataforma EXPORTOU","breadcrumb":{"@id":"https:\/\/exportou.com\/fr\/informes\/#breadcrumb"},"inLanguage":"fr-FR","potentialAction":[{"@type":"ReadAction","target":["https:\/\/exportou.com\/fr\/informes\/"]}]},{"@type":"BreadcrumbList","@id":"https:\/\/exportou.com\/fr\/informes\/#breadcrumb","itemListElement":[{"@type":"ListItem","position":1,"name":"Portada","item":"https:\/\/exportou.com\/fr\/inicio-2\/"},{"@type":"ListItem","position":2,"name":"Informes"}]},{"@type":"WebSite","@id":"https:\/\/exportou.com\/#website","url":"https:\/\/exportou.com\/","name":"Exportou","description":"","potentialAction":[{"@type":"SearchAction","target":{"@type":"EntryPoint","urlTemplate":"https:\/\/exportou.com\/?s={search_term_string}"},"query-input":"required name=search_term_string"}],"inLanguage":"fr-FR"}]}},"_links":{"self":[{"href":"https:\/\/exportou.com\/fr\/wp-json\/wp\/v2\/pages\/601"}],"collection":[{"href":"https:\/\/exportou.com\/fr\/wp-json\/wp\/v2\/pages"}],"about":[{"href":"https:\/\/exportou.com\/fr\/wp-json\/wp\/v2\/types\/page"}],"author":[{"embeddable":true,"href":"https:\/\/exportou.com\/fr\/wp-json\/wp\/v2\/users\/1"}],"replies":[{"embeddable":true,"href":"https:\/\/exportou.com\/fr\/wp-json\/wp\/v2\/comments?post=601"}],"version-history":[{"count":3,"href":"https:\/\/exportou.com\/fr\/wp-json\/wp\/v2\/pages\/601\/revisions"}],"predecessor-version":[{"id":2061,"href":"https:\/\/exportou.com\/fr\/wp-json\/wp\/v2\/pages\/601\/revisions\/2061"}],"wp:attachment":[{"href":"https:\/\/exportou.com\/fr\/wp-json\/wp\/v2\/media?parent=601"}],"curies":[{"name":"wp","href":"https:\/\/api.w.org\/{rel}","templated":true}]}}