{"id":855,"date":"2017-11-09T08:54:04","date_gmt":"2017-11-09T08:54:04","guid":{"rendered":"http:\/\/exportou.com\/financiacion\/ayudas-y-subvenciones-2\/"},"modified":"2021-10-15T09:20:40","modified_gmt":"2021-10-15T09:20:40","slug":"ayudas-subvenciones","status":"publish","type":"page","link":"https:\/\/exportou.com\/en\/financiate\/ayudas-subvenciones\/","title":{"rendered":"Ayudas y subvenciones"},"content":{"rendered":"<p><strong><a href=\"https:\/\/www.icex.es\/icex\/wcm\/idc\/groups\/public\/documents\/documento_anexo\/mdix\/odg5\/~edisp\/dax2021889888.pdf\">ICEX LOCALIZA<\/a><\/strong><\/p>\n<p><strong>Finalidad<\/strong><\/p>\n<p>Subvenciones destinadas a apoyar los proyectos de internacionalizaci\u00f3n en mercados exteriores, con excepci\u00f3n de los mercados de los Estados miembros de la UE, de peque\u00f1as y medianas empresas espa\u00f1olas (PYMES) que cuenten con marca espa\u00f1ola propia y re\u00fanan los requisitos establecidos. Los mercados prioritarios en LOCALIZA 2021 son Reino Unido, Asia y los pa\u00edses del Mediterr\u00e1neo Sur y Oriental.<\/p>\n<p><strong>Plazo presentaci\u00f3n de solicitudes<\/strong><strong> finalizar\u00e1 el mi\u00e9rcoles 20 de octubre 2021.<\/strong><\/p>\n<p><a href=\"https:\/\/www.icex.es\/icex\/es\/navegacion-principal\/todos-nuestros-servicios\/programas-y-servicios-de-apoyo\/programa-icex-localiza\/index.html\">M\u00e1s informaci\u00f3n<\/a><\/p>\n<p>Para consultas de ayudas de internacionalizaci\u00f3n puedes contactar con el Departamento de Promoci\u00f3n Exterior y Relaciones Internacionales en el email\u00a0<a href=\"mailto:europeos@ceo.es\">europeos@ceo.es<\/a>\u00a0o en el tel\u00e9fono 988 391 110.<\/p>\n","protected":false},"excerpt":{"rendered":"<p>ICEX LOCALIZA Finalidad Subvenciones destinadas a apoyar los proyectos de internacionalizaci\u00f3n en mercados exteriores, con excepci\u00f3n de los mercados de los Estados miembros de la UE, de peque\u00f1as y medianas empresas espa\u00f1olas (PYMES) que cuenten con marca espa\u00f1ola propia y re\u00fanan los requisitos establecidos. Los mercados prioritarios en LOCALIZA 2021 son Reino Unido, Asia y [&hellip;]<\/p>\n","protected":false},"author":1,"featured_media":0,"parent":560,"menu_order":2,"comment_status":"closed","ping_status":"closed","template":"","meta":[],"yoast_head":"<!-- This site is optimized with the Yoast SEO plugin v20.9 - https:\/\/yoast.com\/wordpress\/plugins\/seo\/ -->\n<title>EXPORTOU. L\u00edneas de financiaci\u00f3n<\/title>\n<meta name=\"description\" content=\"Otras l\u00edneas de financiaci\u00f3n de la internacionalizaci\u00f3n de las empresas ourensanas\" \/>\n<meta name=\"robots\" content=\"index, follow, max-snippet:-1, max-image-preview:large, max-video-preview:-1\" \/>\n<link rel=\"canonical\" href=\"https:\/\/exportou.com\/en\/financiate\/ayudas-subvenciones\/\" \/>\n<meta property=\"og:locale\" content=\"en_US\" \/>\n<meta property=\"og:type\" content=\"article\" \/>\n<meta property=\"og:title\" content=\"EXPORTOU. L\u00edneas de financiaci\u00f3n\" \/>\n<meta property=\"og:description\" content=\"Otras l\u00edneas de financiaci\u00f3n de la internacionalizaci\u00f3n de las empresas ourensanas\" \/>\n<meta property=\"og:url\" content=\"https:\/\/exportou.com\/en\/financiate\/ayudas-subvenciones\/\" \/>\n<meta property=\"og:site_name\" content=\"Exportou\" \/>\n<meta property=\"article:modified_time\" content=\"2021-10-15T09:20:40+00:00\" \/>\n<meta name=\"twitter:card\" content=\"summary_large_image\" \/>\n<meta name=\"twitter:label1\" content=\"Est. reading time\" \/>\n\t<meta name=\"twitter:data1\" content=\"1 minute\" \/>\n<script type=\"application\/ld+json\" class=\"yoast-schema-graph\">{\"@context\":\"https:\/\/schema.org\",\"@graph\":[{\"@type\":\"WebPage\",\"@id\":\"https:\/\/exportou.com\/en\/financiate\/ayudas-subvenciones\/\",\"url\":\"https:\/\/exportou.com\/en\/financiate\/ayudas-subvenciones\/\",\"name\":\"EXPORTOU. L\u00edneas de financiaci\u00f3n\",\"isPartOf\":{\"@id\":\"https:\/\/exportou.com\/#website\"},\"datePublished\":\"2017-11-09T08:54:04+00:00\",\"dateModified\":\"2021-10-15T09:20:40+00:00\",\"description\":\"Otras l\u00edneas de financiaci\u00f3n de la internacionalizaci\u00f3n de las empresas ourensanas\",\"breadcrumb\":{\"@id\":\"https:\/\/exportou.com\/en\/financiate\/ayudas-subvenciones\/#breadcrumb\"},\"inLanguage\":\"en-US\",\"potentialAction\":[{\"@type\":\"ReadAction\",\"target\":[\"https:\/\/exportou.com\/en\/financiate\/ayudas-subvenciones\/\"]}]},{\"@type\":\"BreadcrumbList\",\"@id\":\"https:\/\/exportou.com\/en\/financiate\/ayudas-subvenciones\/#breadcrumb\",\"itemListElement\":[{\"@type\":\"ListItem\",\"position\":1,\"name\":\"Portada\",\"item\":\"https:\/\/exportou.com\/en\/inicio-2\/\"},{\"@type\":\"ListItem\",\"position\":2,\"name\":\"Fin\u00e1nciate\",\"item\":\"https:\/\/exportou.com\/en\/financiate\/\"},{\"@type\":\"ListItem\",\"position\":3,\"name\":\"Ayudas y subvenciones\"}]},{\"@type\":\"WebSite\",\"@id\":\"https:\/\/exportou.com\/#website\",\"url\":\"https:\/\/exportou.com\/\",\"name\":\"Exportou\",\"description\":\"\",\"potentialAction\":[{\"@type\":\"SearchAction\",\"target\":{\"@type\":\"EntryPoint\",\"urlTemplate\":\"https:\/\/exportou.com\/?s={search_term_string}\"},\"query-input\":\"required name=search_term_string\"}],\"inLanguage\":\"en-US\"}]}<\/script>\n<!-- \/ Yoast SEO plugin. -->","yoast_head_json":{"title":"EXPORTOU. L\u00edneas de financiaci\u00f3n","description":"Otras l\u00edneas de financiaci\u00f3n de la internacionalizaci\u00f3n de las empresas ourensanas","robots":{"index":"index","follow":"follow","max-snippet":"max-snippet:-1","max-image-preview":"max-image-preview:large","max-video-preview":"max-video-preview:-1"},"canonical":"https:\/\/exportou.com\/en\/financiate\/ayudas-subvenciones\/","og_locale":"en_US","og_type":"article","og_title":"EXPORTOU. L\u00edneas de financiaci\u00f3n","og_description":"Otras l\u00edneas de financiaci\u00f3n de la internacionalizaci\u00f3n de las empresas ourensanas","og_url":"https:\/\/exportou.com\/en\/financiate\/ayudas-subvenciones\/","og_site_name":"Exportou","article_modified_time":"2021-10-15T09:20:40+00:00","twitter_card":"summary_large_image","twitter_misc":{"Est. reading time":"1 minute"},"schema":{"@context":"https:\/\/schema.org","@graph":[{"@type":"WebPage","@id":"https:\/\/exportou.com\/en\/financiate\/ayudas-subvenciones\/","url":"https:\/\/exportou.com\/en\/financiate\/ayudas-subvenciones\/","name":"EXPORTOU. L\u00edneas de financiaci\u00f3n","isPartOf":{"@id":"https:\/\/exportou.com\/#website"},"datePublished":"2017-11-09T08:54:04+00:00","dateModified":"2021-10-15T09:20:40+00:00","description":"Otras l\u00edneas de financiaci\u00f3n de la internacionalizaci\u00f3n de las empresas ourensanas","breadcrumb":{"@id":"https:\/\/exportou.com\/en\/financiate\/ayudas-subvenciones\/#breadcrumb"},"inLanguage":"en-US","potentialAction":[{"@type":"ReadAction","target":["https:\/\/exportou.com\/en\/financiate\/ayudas-subvenciones\/"]}]},{"@type":"BreadcrumbList","@id":"https:\/\/exportou.com\/en\/financiate\/ayudas-subvenciones\/#breadcrumb","itemListElement":[{"@type":"ListItem","position":1,"name":"Portada","item":"https:\/\/exportou.com\/en\/inicio-2\/"},{"@type":"ListItem","position":2,"name":"Fin\u00e1nciate","item":"https:\/\/exportou.com\/en\/financiate\/"},{"@type":"ListItem","position":3,"name":"Ayudas y subvenciones"}]},{"@type":"WebSite","@id":"https:\/\/exportou.com\/#website","url":"https:\/\/exportou.com\/","name":"Exportou","description":"","potentialAction":[{"@type":"SearchAction","target":{"@type":"EntryPoint","urlTemplate":"https:\/\/exportou.com\/?s={search_term_string}"},"query-input":"required name=search_term_string"}],"inLanguage":"en-US"}]}},"_links":{"self":[{"href":"https:\/\/exportou.com\/en\/wp-json\/wp\/v2\/pages\/855"}],"collection":[{"href":"https:\/\/exportou.com\/en\/wp-json\/wp\/v2\/pages"}],"about":[{"href":"https:\/\/exportou.com\/en\/wp-json\/wp\/v2\/types\/page"}],"author":[{"embeddable":true,"href":"https:\/\/exportou.com\/en\/wp-json\/wp\/v2\/users\/1"}],"replies":[{"embeddable":true,"href":"https:\/\/exportou.com\/en\/wp-json\/wp\/v2\/comments?post=855"}],"version-history":[{"count":92,"href":"https:\/\/exportou.com\/en\/wp-json\/wp\/v2\/pages\/855\/revisions"}],"predecessor-version":[{"id":12391,"href":"https:\/\/exportou.com\/en\/wp-json\/wp\/v2\/pages\/855\/revisions\/12391"}],"up":[{"embeddable":true,"href":"https:\/\/exportou.com\/en\/wp-json\/wp\/v2\/pages\/560"}],"wp:attachment":[{"href":"https:\/\/exportou.com\/en\/wp-json\/wp\/v2\/media?parent=855"}],"curies":[{"name":"wp","href":"https:\/\/api.w.org\/{rel}","templated":true}]}}