{"id":8520,"date":"2019-08-13T08:36:18","date_gmt":"2019-08-13T08:36:18","guid":{"rendered":"https:\/\/exportou.com\/mision-inversa-dinamarca\/"},"modified":"2020-10-27T07:52:16","modified_gmt":"2020-10-27T07:52:16","slug":"mision-virtual-eeuu-mexico","status":"publish","type":"page","link":"https:\/\/exportou.com\/en\/mision-virtual-eeuu-mexico\/","title":{"rendered":"Misi\u00f3n Virtual de Estados Unidos y M\u00e9xico"},"content":{"rendered":"<p><img decoding=\"async\" loading=\"lazy\" class=\"size-medium wp-image-10415 aligncenter\" src=\"https:\/\/exportou.com\/wp-content\/uploads\/2020\/10\/Banner-nuevas-fechas-300x215.jpg\" alt=\"\" width=\"300\" height=\"215\" srcset=\"https:\/\/exportou.com\/wp-content\/uploads\/2020\/10\/Banner-nuevas-fechas-300x215.jpg 300w, https:\/\/exportou.com\/wp-content\/uploads\/2020\/10\/Banner-nuevas-fechas.jpg 365w\" sizes=\"(max-width: 300px) 100vw, 300px\" \/><\/p>\n<p>&nbsp;<\/p>\n<p>La <strong><a href=\"http:\/\/www.ceo.es\/\">Confederaci\u00f3n Empresarial de Ourense &#8211;\u00a0CEO<\/a><\/strong> organiza una misi\u00f3n comercial de manera virtual del <strong>3 al 6 de noviembre<\/strong> para promover la internacionalizaci\u00f3n del <strong>sector agroalimentario y vitivin\u00edcola<\/strong> de la Eurorregi\u00f3n Galicia- Norte de Portugal en <strong>EEUU y M\u00e9xico<\/strong>.<\/p>\n<p>Debido a la situaci\u00f3n derivada de la COVID-19, ser\u00e1 la primera misi\u00f3n de la <a href=\"http:\/\/www.ceo.es\/\"><strong>CEO<\/strong><\/a> completamente virtual, con el objetivo de seguir apoyando el impulso internacional de las empresas de la Eurorregi\u00f3n y promover acuerdos de negocio, en esta ocasi\u00f3n gracias a los medios telem\u00e1ticos. Durante la misi\u00f3n se realizar\u00e1 un webinar informativo sobre ambos mercados, una presentaci\u00f3n de productos y encuentros de negocio onlin B2B, con el objetivo de facilitar acuerdos\u00a0 comerciales entre las pymes de la Eurorregi\u00f3n y las empresas invitadas internacionales.<\/p>\n<p>Un total de <strong>siete<\/strong><strong> firmas mexicanas<\/strong> mantendr\u00e1n encuentros de negocio con empresas gallegas y portuguesas:<\/p>\n<ul>\n<li><a href=\"http:\/\/www.otela.com\"><strong><em>Otela<\/em><\/strong><\/a>, se dedica a la comercializaci\u00f3n y distribuci\u00f3n de productos gourmet, destacando su inter\u00e9s por los embutidos, quesos y productos de confiter\u00eda.<\/li>\n<li><a href=\"https:\/\/vinostatianatorres.com\/\"><strong><em>Tierra de vinos<\/em><\/strong><\/a>, empresa distribuidora de vinos principalmente mexicanos y espa\u00f1oles y que se han interesado por nuestros vinos blancos y tintos, adem\u00e1s del vinho verde portugu\u00e9s.<\/li>\n<li><a href=\"https:\/\/www.liverpool.com.mx\/tienda\/home\"><strong><em>Liverpool<\/em><\/strong> <\/a>es una de las empresas importadoras m\u00e1s relevantes de M\u00e9xico dedicada al comercio minorista de vinos.<\/li>\n<li><a href=\"https:\/\/vinopremier.com\/\"><strong><em>Vinopremier<\/em><\/strong><\/a> es una empresa de e-commerce con 12 a\u00f1os de experiencia en la comercializaci\u00f3n, difusi\u00f3n y distribuci\u00f3n de vinos, destilados, cervezas artesanales y productos gourmet. Adem\u00e1s de su tienda online, en M\u00e9xico tienen dos tiendas f\u00edsicas-vinotecas.<\/li>\n<li><strong><em><a href=\"https:\/\/www.montarazunico.mx\">Montaraz Un1co<\/a>, <\/em><\/strong>dedicada a la distribuci\u00f3n de jam\u00f3n y embutidos ib\u00e9ricos a trav\u00e9s de sus tiendas gourmet en M\u00e9xico.<\/li>\n<li><a href=\"https:\/\/www.looptonic.com\/\"><strong><em>Looptonic<\/em><\/strong><\/a>, empresa dedicada a la restauraci\u00f3n y al servicio de catering y eventos. Actualmente no trabajan con referencias de vinos y destilados gallegos, de ah\u00ed que est\u00e9n muy interesados en conocerlos.<\/li>\n<li><a href=\"https:\/\/www.gruponovelda.com\"><strong><em>Grupo Novelda<\/em><\/strong><\/a>, otra de las distribuidoras e importadoras de productos gourmet m\u00e1s relevantes de M\u00e9xico, enfocada su distribuci\u00f3n al canal Horeca. Donde en esta ocasi\u00f3n se han interesado por nuestros vinos blancos y tintos.<\/li>\n<\/ul>\n<p>A mayores, estar\u00e1n presentes tambi\u00e9n los representantes de otras <strong>tres firmas estadounidenses<\/strong>:<\/p>\n<ul>\n<li><strong><em><a href=\"https:\/\/www.facebook.com\/delicefinefoods\/\">Dreamity<\/a>, <\/em><\/strong>empresa importadora de productos gourmet para tiendas de alimentaci\u00f3n especializadas y grandes almacenes.<\/li>\n<li><strong><em><a href=\"https:\/\/www.parkstreet.com\/\">Park Street<\/a>,<\/em><\/strong> empresa importadora y distribuidora de vinos y destilados a trav\u00e9s de sus locales en New Jersey, California, New York y Florida. Adem\u00e1s de la labor que realizan de asesoramiento a otras empresas sobre las operaciones de log\u00edstica e importaci\u00f3n.<\/li>\n<li><a href=\"http:\/\/authenticws.com\/\"><strong>Authentic Wine Corporation<\/strong><\/a>, es una peque\u00f1a empresa importadora de vinos argentinos, muy interesada en conocer los vinos gallegos para ampliar su portfolio.<\/li>\n<\/ul>\n<p>De manera adicional estar\u00e1 tambi\u00e9n presente una empresa <strong>importadora y distribuidora de vinos de Guatemala<\/strong> llamada <a href=\"https:\/\/www.facebook.com\/bodegamontesco\/\"><strong>Bodega Montesco<\/strong><\/a>, que adem\u00e1s de interesarse por nuestros vinos, se encuentra en un proceso de diversificaci\u00f3n hacia otros productos gourmet como los embutidos, quesos y conservas.<\/p>\n<p>Y por \u00faltimo, una empresa <strong>importadora de vinos espa\u00f1oles a Canad\u00e1<\/strong> que ya conoce los vinos de la Eurorregi\u00f3n y est\u00e1 interesada en seguir ampliando sus conocimientos y la relaci\u00f3n con las empresas gallegas y portuguesas. <a href=\"http:\/\/passiongourmet.ca\/\"><strong>Passion Gourmet<\/strong><\/a>, es una empresa canadiense que se dedica a la importaci\u00f3n de vinos espa\u00f1oles a Quebec para distribuir entre restaurantes y particulares. Est\u00e1n especializados en vinos de moda y de alta gama y a mayores ofrece servicios de sumiller a medida para empresas de eventos, catering y particulares.<\/p>\n<p>Esta acci\u00f3n est\u00e1 financiada por la U.E. y el FEDER, a trav\u00e9s del programa de Cooperaci\u00f3n Tranfronteriza Galicia-Norte de Portugal, <a href=\"https:\/\/www.poctep.eu\/\"><strong>POCTEP<\/strong><\/a> de la U.E., y se desarrolla en el marco del proyecto <a href=\"\/?page_id=590\"><strong>ECICII+<\/strong><\/a> para toda la eurorregi\u00f3n, y organizada por la <strong><a href=\"http:\/\/www.ceo.es\/\">CEO<\/a><\/strong>.<\/p>\n<p>La\u00a0<strong>participaci\u00f3n <\/strong>es\u00a0<strong>gratuita, con plazas limitadas. Para\u00a0inscribirse\u00a0<\/strong>puede cumplimentar y enviar el sencillo\u00a0<strong>Formulario de Inscripci\u00f3n\u00a0<\/strong>que encontrar\u00e1 haciendo <strong><a href=\"https:\/\/docs.google.com\/forms\/d\/1NMgPATERmmJeHyHN9rGGb7ggANGyfrkoetrfngfWO60\/viewform?edit_requested=true\">CLIK AQU\u00cd<\/a> <\/strong><strong>.<\/strong> Tambi\u00e9n puede contactar con el Departamento de Promoci\u00f3n Exterior y Relaciones Internacionales de la CEO en el <strong>tel\u00e9fono 988 391 110<\/strong> o enviar un <strong>correo electr\u00f3nico<\/strong>\u00a0con sus datos a\u00a0<a href=\"mailto:ceo@ceo.es\">europeos@ceo.es<\/a><\/p>\n<p>Presentaci\u00f3n:\u00a0<a href=\"https:\/\/exportou.com\/wp-content\/uploads\/2020\/09\/Misio\u0301n-virtual-EEUU-Me\u0301xico-CEO.pdf\"> Misio\u0301n virtual EEUU&amp; Me\u0301xico CEO<\/a><\/p>\n<p>Toda la informaci\u00f3n sobre la misi\u00f3n y acceso a las actividades estar\u00e1 disponible en la web <a href=\"http:\/\/misionesvirtualesceo.com\"><strong>misionesvirtualesceo.com<\/strong><\/a><\/p>\n","protected":false},"excerpt":{"rendered":"<p>&nbsp; La Confederaci\u00f3n Empresarial de Ourense &#8211;\u00a0CEO organiza una misi\u00f3n comercial de manera virtual del 3 al 6 de noviembre para promover la internacionalizaci\u00f3n del sector agroalimentario y vitivin\u00edcola de la Eurorregi\u00f3n Galicia- Norte de Portugal en EEUU y M\u00e9xico. Debido a la situaci\u00f3n derivada de la COVID-19, ser\u00e1 la primera misi\u00f3n de la CEO [&hellip;]<\/p>\n","protected":false},"author":43,"featured_media":10349,"parent":0,"menu_order":0,"comment_status":"closed","ping_status":"closed","template":"","meta":[],"yoast_head":"<!-- This site is optimized with the Yoast SEO plugin v20.9 - https:\/\/yoast.com\/wordpress\/plugins\/seo\/ -->\n<title>Misi\u00f3n Virtual de Estados Unidos y M\u00e9xico - Exportou<\/title>\n<meta name=\"description\" content=\"La Confederaci\u00f3n Empresarial de Ourense organiza una\u00a0Misi\u00f3n virtual procedente de Estados Unidos y M\u00e9xico que se celebrar\u00e1 del 14 al 16 de octubre\" \/>\n<meta name=\"robots\" content=\"index, follow, max-snippet:-1, max-image-preview:large, max-video-preview:-1\" \/>\n<link rel=\"canonical\" href=\"https:\/\/exportou.com\/en\/mision-virtual-eeuu-mexico\/\" \/>\n<meta property=\"og:locale\" content=\"en_US\" \/>\n<meta property=\"og:type\" content=\"article\" \/>\n<meta property=\"og:title\" content=\"Misi\u00f3n Virtual de Estados Unidos y M\u00e9xico - Exportou\" \/>\n<meta property=\"og:description\" content=\"La Confederaci\u00f3n Empresarial de Ourense organiza una\u00a0Misi\u00f3n virtual procedente de Estados Unidos y M\u00e9xico que se celebrar\u00e1 del 14 al 16 de octubre\" \/>\n<meta property=\"og:url\" content=\"https:\/\/exportou.com\/en\/mision-virtual-eeuu-mexico\/\" \/>\n<meta property=\"og:site_name\" content=\"Exportou\" \/>\n<meta property=\"article:modified_time\" content=\"2020-10-27T07:52:16+00:00\" \/>\n<meta name=\"twitter:card\" content=\"summary_large_image\" \/>\n<meta name=\"twitter:image\" content=\"https:\/\/exportou.com\/wp-content\/uploads\/2020\/10\/Mision-virtual-EEUU-Mexico-CEO_NuevaFecha-1-pdf.jpg\" \/>\n<meta name=\"twitter:label1\" content=\"Est. reading time\" \/>\n\t<meta name=\"twitter:data1\" content=\"4 minutes\" \/>\n<script type=\"application\/ld+json\" class=\"yoast-schema-graph\">{\"@context\":\"https:\/\/schema.org\",\"@graph\":[{\"@type\":\"WebPage\",\"@id\":\"https:\/\/exportou.com\/en\/mision-virtual-eeuu-mexico\/\",\"url\":\"https:\/\/exportou.com\/en\/mision-virtual-eeuu-mexico\/\",\"name\":\"Misi\u00f3n Virtual de Estados Unidos y M\u00e9xico - Exportou\",\"isPartOf\":{\"@id\":\"https:\/\/exportou.com\/#website\"},\"datePublished\":\"2019-08-13T08:36:18+00:00\",\"dateModified\":\"2020-10-27T07:52:16+00:00\",\"description\":\"La Confederaci\u00f3n Empresarial de Ourense organiza una\u00a0Misi\u00f3n virtual procedente de Estados Unidos y M\u00e9xico que se celebrar\u00e1 del 14 al 16 de octubre\",\"breadcrumb\":{\"@id\":\"https:\/\/exportou.com\/en\/mision-virtual-eeuu-mexico\/#breadcrumb\"},\"inLanguage\":\"en-US\",\"potentialAction\":[{\"@type\":\"ReadAction\",\"target\":[\"https:\/\/exportou.com\/en\/mision-virtual-eeuu-mexico\/\"]}]},{\"@type\":\"BreadcrumbList\",\"@id\":\"https:\/\/exportou.com\/en\/mision-virtual-eeuu-mexico\/#breadcrumb\",\"itemListElement\":[{\"@type\":\"ListItem\",\"position\":1,\"name\":\"Portada\",\"item\":\"https:\/\/exportou.com\/en\/inicio-2\/\"},{\"@type\":\"ListItem\",\"position\":2,\"name\":\"Misi\u00f3n Virtual de Estados Unidos y M\u00e9xico\"}]},{\"@type\":\"WebSite\",\"@id\":\"https:\/\/exportou.com\/#website\",\"url\":\"https:\/\/exportou.com\/\",\"name\":\"Exportou\",\"description\":\"\",\"potentialAction\":[{\"@type\":\"SearchAction\",\"target\":{\"@type\":\"EntryPoint\",\"urlTemplate\":\"https:\/\/exportou.com\/?s={search_term_string}\"},\"query-input\":\"required name=search_term_string\"}],\"inLanguage\":\"en-US\"}]}<\/script>\n<!-- \/ Yoast SEO plugin. -->","yoast_head_json":{"title":"Misi\u00f3n Virtual de Estados Unidos y M\u00e9xico - Exportou","description":"La Confederaci\u00f3n Empresarial de Ourense organiza una\u00a0Misi\u00f3n virtual procedente de Estados Unidos y M\u00e9xico que se celebrar\u00e1 del 14 al 16 de octubre","robots":{"index":"index","follow":"follow","max-snippet":"max-snippet:-1","max-image-preview":"max-image-preview:large","max-video-preview":"max-video-preview:-1"},"canonical":"https:\/\/exportou.com\/en\/mision-virtual-eeuu-mexico\/","og_locale":"en_US","og_type":"article","og_title":"Misi\u00f3n Virtual de Estados Unidos y M\u00e9xico - Exportou","og_description":"La Confederaci\u00f3n Empresarial de Ourense organiza una\u00a0Misi\u00f3n virtual procedente de Estados Unidos y M\u00e9xico que se celebrar\u00e1 del 14 al 16 de octubre","og_url":"https:\/\/exportou.com\/en\/mision-virtual-eeuu-mexico\/","og_site_name":"Exportou","article_modified_time":"2020-10-27T07:52:16+00:00","twitter_card":"summary_large_image","twitter_image":"https:\/\/exportou.com\/wp-content\/uploads\/2020\/10\/Mision-virtual-EEUU-Mexico-CEO_NuevaFecha-1-pdf.jpg","twitter_misc":{"Est. reading time":"4 minutes"},"schema":{"@context":"https:\/\/schema.org","@graph":[{"@type":"WebPage","@id":"https:\/\/exportou.com\/en\/mision-virtual-eeuu-mexico\/","url":"https:\/\/exportou.com\/en\/mision-virtual-eeuu-mexico\/","name":"Misi\u00f3n Virtual de Estados Unidos y M\u00e9xico - Exportou","isPartOf":{"@id":"https:\/\/exportou.com\/#website"},"datePublished":"2019-08-13T08:36:18+00:00","dateModified":"2020-10-27T07:52:16+00:00","description":"La Confederaci\u00f3n Empresarial de Ourense organiza una\u00a0Misi\u00f3n virtual procedente de Estados Unidos y M\u00e9xico que se celebrar\u00e1 del 14 al 16 de octubre","breadcrumb":{"@id":"https:\/\/exportou.com\/en\/mision-virtual-eeuu-mexico\/#breadcrumb"},"inLanguage":"en-US","potentialAction":[{"@type":"ReadAction","target":["https:\/\/exportou.com\/en\/mision-virtual-eeuu-mexico\/"]}]},{"@type":"BreadcrumbList","@id":"https:\/\/exportou.com\/en\/mision-virtual-eeuu-mexico\/#breadcrumb","itemListElement":[{"@type":"ListItem","position":1,"name":"Portada","item":"https:\/\/exportou.com\/en\/inicio-2\/"},{"@type":"ListItem","position":2,"name":"Misi\u00f3n Virtual de Estados Unidos y M\u00e9xico"}]},{"@type":"WebSite","@id":"https:\/\/exportou.com\/#website","url":"https:\/\/exportou.com\/","name":"Exportou","description":"","potentialAction":[{"@type":"SearchAction","target":{"@type":"EntryPoint","urlTemplate":"https:\/\/exportou.com\/?s={search_term_string}"},"query-input":"required name=search_term_string"}],"inLanguage":"en-US"}]}},"_links":{"self":[{"href":"https:\/\/exportou.com\/en\/wp-json\/wp\/v2\/pages\/8520"}],"collection":[{"href":"https:\/\/exportou.com\/en\/wp-json\/wp\/v2\/pages"}],"about":[{"href":"https:\/\/exportou.com\/en\/wp-json\/wp\/v2\/types\/page"}],"author":[{"embeddable":true,"href":"https:\/\/exportou.com\/en\/wp-json\/wp\/v2\/users\/43"}],"replies":[{"embeddable":true,"href":"https:\/\/exportou.com\/en\/wp-json\/wp\/v2\/comments?post=8520"}],"version-history":[{"count":22,"href":"https:\/\/exportou.com\/en\/wp-json\/wp\/v2\/pages\/8520\/revisions"}],"predecessor-version":[{"id":10477,"href":"https:\/\/exportou.com\/en\/wp-json\/wp\/v2\/pages\/8520\/revisions\/10477"}],"wp:featuredmedia":[{"embeddable":true,"href":"https:\/\/exportou.com\/en\/wp-json\/wp\/v2\/media\/10349"}],"wp:attachment":[{"href":"https:\/\/exportou.com\/en\/wp-json\/wp\/v2\/media?parent=8520"}],"curies":[{"name":"wp","href":"https:\/\/api.w.org\/{rel}","templated":true}]}}