{"id":548,"date":"2017-09-05T06:49:24","date_gmt":"2017-09-05T06:49:24","guid":{"rendered":"http:\/\/exportou.com\/contacto\/"},"modified":"2018-05-08T13:47:34","modified_gmt":"2018-05-08T13:47:34","slug":"contacto","status":"publish","type":"page","link":"https:\/\/exportou.com\/en\/contacto\/","title":{"rendered":"Contacto"},"content":{"rendered":"<p><img decoding=\"async\" loading=\"lazy\" class=\"alignnone wp-image-100 size-full\" src=\"http:\/\/exportou.com\/wp-content\/uploads\/2017\/09\/exportou-logo.png\" alt=\"\" width=\"260\" height=\"43\" \/><\/p>\n<p>Praza das Damas, 1 32005 Ourense<\/p>\n<p>T +34 988 391 110<\/p>\n<p><a href=\"mailto:exportou@exportou.com\">exportou@exportou.com<\/a><\/p>\n<p>Si tienes cualquier duda, puedes contactar con nosotros v\u00eda telef\u00f3nica, mand\u00e1ndonos un email o rellenando el formulario de contacto<\/p>\n","protected":false},"excerpt":{"rendered":"<p>Praza das Damas, 1 32005 Ourense T +34 988 391 110 exportou@exportou.com Si tienes cualquier duda, puedes contactar con nosotros v\u00eda telef\u00f3nica, mand\u00e1ndonos un email o rellenando el formulario de contacto<\/p>\n","protected":false},"author":1,"featured_media":0,"parent":0,"menu_order":26,"comment_status":"closed","ping_status":"closed","template":"templates\/template-contacto.php","meta":[],"yoast_head":"<!-- This site is optimized with the Yoast SEO plugin v20.9 - https:\/\/yoast.com\/wordpress\/plugins\/seo\/ -->\n<title>EXPORTOU. Contacto<\/title>\n<meta name=\"description\" content=\"Si tienes cualquier duda, puedes contactar con nosotros v\u00eda telef\u00f3nica, mand\u00e1ndonos un email o rellenando el formulario de contacto\" \/>\n<meta name=\"robots\" content=\"index, follow, max-snippet:-1, max-image-preview:large, max-video-preview:-1\" \/>\n<link rel=\"canonical\" href=\"https:\/\/exportou.com\/en\/contacto\/\" \/>\n<meta property=\"og:locale\" content=\"en_US\" \/>\n<meta property=\"og:type\" content=\"article\" \/>\n<meta property=\"og:title\" content=\"EXPORTOU. Contacto\" \/>\n<meta property=\"og:description\" content=\"Si tienes cualquier duda, puedes contactar con nosotros v\u00eda telef\u00f3nica, mand\u00e1ndonos un email o rellenando el formulario de contacto\" \/>\n<meta property=\"og:url\" content=\"https:\/\/exportou.com\/en\/contacto\/\" \/>\n<meta property=\"og:site_name\" content=\"Exportou\" \/>\n<meta property=\"article:modified_time\" content=\"2018-05-08T13:47:34+00:00\" \/>\n<meta property=\"og:image\" content=\"http:\/\/exportou.com\/wp-content\/uploads\/2017\/09\/exportou-logo.png\" \/>\n<meta name=\"twitter:card\" content=\"summary_large_image\" \/>\n<script type=\"application\/ld+json\" class=\"yoast-schema-graph\">{\"@context\":\"https:\/\/schema.org\",\"@graph\":[{\"@type\":\"WebPage\",\"@id\":\"https:\/\/exportou.com\/en\/contacto\/\",\"url\":\"https:\/\/exportou.com\/en\/contacto\/\",\"name\":\"EXPORTOU. Contacto\",\"isPartOf\":{\"@id\":\"https:\/\/exportou.com\/#website\"},\"datePublished\":\"2017-09-05T06:49:24+00:00\",\"dateModified\":\"2018-05-08T13:47:34+00:00\",\"description\":\"Si tienes cualquier duda, puedes contactar con nosotros v\u00eda telef\u00f3nica, mand\u00e1ndonos un email o rellenando el formulario de contacto\",\"breadcrumb\":{\"@id\":\"https:\/\/exportou.com\/en\/contacto\/#breadcrumb\"},\"inLanguage\":\"en-US\",\"potentialAction\":[{\"@type\":\"ReadAction\",\"target\":[\"https:\/\/exportou.com\/en\/contacto\/\"]}]},{\"@type\":\"BreadcrumbList\",\"@id\":\"https:\/\/exportou.com\/en\/contacto\/#breadcrumb\",\"itemListElement\":[{\"@type\":\"ListItem\",\"position\":1,\"name\":\"Portada\",\"item\":\"https:\/\/exportou.com\/en\/inicio-2\/\"},{\"@type\":\"ListItem\",\"position\":2,\"name\":\"Contacto\"}]},{\"@type\":\"WebSite\",\"@id\":\"https:\/\/exportou.com\/#website\",\"url\":\"https:\/\/exportou.com\/\",\"name\":\"Exportou\",\"description\":\"\",\"potentialAction\":[{\"@type\":\"SearchAction\",\"target\":{\"@type\":\"EntryPoint\",\"urlTemplate\":\"https:\/\/exportou.com\/?s={search_term_string}\"},\"query-input\":\"required name=search_term_string\"}],\"inLanguage\":\"en-US\"}]}<\/script>\n<!-- \/ Yoast SEO plugin. -->","yoast_head_json":{"title":"EXPORTOU. Contacto","description":"Si tienes cualquier duda, puedes contactar con nosotros v\u00eda telef\u00f3nica, mand\u00e1ndonos un email o rellenando el formulario de contacto","robots":{"index":"index","follow":"follow","max-snippet":"max-snippet:-1","max-image-preview":"max-image-preview:large","max-video-preview":"max-video-preview:-1"},"canonical":"https:\/\/exportou.com\/en\/contacto\/","og_locale":"en_US","og_type":"article","og_title":"EXPORTOU. Contacto","og_description":"Si tienes cualquier duda, puedes contactar con nosotros v\u00eda telef\u00f3nica, mand\u00e1ndonos un email o rellenando el formulario de contacto","og_url":"https:\/\/exportou.com\/en\/contacto\/","og_site_name":"Exportou","article_modified_time":"2018-05-08T13:47:34+00:00","og_image":[{"url":"http:\/\/exportou.com\/wp-content\/uploads\/2017\/09\/exportou-logo.png"}],"twitter_card":"summary_large_image","schema":{"@context":"https:\/\/schema.org","@graph":[{"@type":"WebPage","@id":"https:\/\/exportou.com\/en\/contacto\/","url":"https:\/\/exportou.com\/en\/contacto\/","name":"EXPORTOU. Contacto","isPartOf":{"@id":"https:\/\/exportou.com\/#website"},"datePublished":"2017-09-05T06:49:24+00:00","dateModified":"2018-05-08T13:47:34+00:00","description":"Si tienes cualquier duda, puedes contactar con nosotros v\u00eda telef\u00f3nica, mand\u00e1ndonos un email o rellenando el formulario de contacto","breadcrumb":{"@id":"https:\/\/exportou.com\/en\/contacto\/#breadcrumb"},"inLanguage":"en-US","potentialAction":[{"@type":"ReadAction","target":["https:\/\/exportou.com\/en\/contacto\/"]}]},{"@type":"BreadcrumbList","@id":"https:\/\/exportou.com\/en\/contacto\/#breadcrumb","itemListElement":[{"@type":"ListItem","position":1,"name":"Portada","item":"https:\/\/exportou.com\/en\/inicio-2\/"},{"@type":"ListItem","position":2,"name":"Contacto"}]},{"@type":"WebSite","@id":"https:\/\/exportou.com\/#website","url":"https:\/\/exportou.com\/","name":"Exportou","description":"","potentialAction":[{"@type":"SearchAction","target":{"@type":"EntryPoint","urlTemplate":"https:\/\/exportou.com\/?s={search_term_string}"},"query-input":"required name=search_term_string"}],"inLanguage":"en-US"}]}},"_links":{"self":[{"href":"https:\/\/exportou.com\/en\/wp-json\/wp\/v2\/pages\/548"}],"collection":[{"href":"https:\/\/exportou.com\/en\/wp-json\/wp\/v2\/pages"}],"about":[{"href":"https:\/\/exportou.com\/en\/wp-json\/wp\/v2\/types\/page"}],"author":[{"embeddable":true,"href":"https:\/\/exportou.com\/en\/wp-json\/wp\/v2\/users\/1"}],"replies":[{"embeddable":true,"href":"https:\/\/exportou.com\/en\/wp-json\/wp\/v2\/comments?post=548"}],"version-history":[{"count":2,"href":"https:\/\/exportou.com\/en\/wp-json\/wp\/v2\/pages\/548\/revisions"}],"predecessor-version":[{"id":4229,"href":"https:\/\/exportou.com\/en\/wp-json\/wp\/v2\/pages\/548\/revisions\/4229"}],"wp:attachment":[{"href":"https:\/\/exportou.com\/en\/wp-json\/wp\/v2\/media?parent=548"}],"curies":[{"name":"wp","href":"https:\/\/api.w.org\/{rel}","templated":true}]}}