{"id":542,"date":"2017-09-05T10:01:36","date_gmt":"2017-09-05T10:01:36","guid":{"rendered":"http:\/\/exportou.com\/aviso-legal\/"},"modified":"2018-11-16T16:29:25","modified_gmt":"2018-11-16T16:29:25","slug":"aviso-legal","status":"publish","type":"page","link":"https:\/\/exportou.com\/en\/aviso-legal\/","title":{"rendered":"Aviso legal"},"content":{"rendered":"<p>La Confederaci\u00f3n Empresarial de Ourense (en adelante \u00a0CEO), con domicilio en Praza das Damas 1, C.P. 32005 Ourense y con CIF n\u00ba G32012742 INFORMA:<\/p>\n<p>La utilizaci\u00f3n del nombre de dominio <a href=\"http:\/\/www.exportou.com\">www.exportou.com<\/a> (as\u00ed como su versi\u00f3n para dispositivos m\u00f3viles, subdominios, blog, etc) se encuentra debidamente registrado por la CEO, con todas las garant\u00edas, tal y como dispone en la Ley 34\/2002, de 11 de julio, de Servicios de la Sociedad de la Informaci\u00f3n y del Comercio Electr\u00f3nico. No obstante se pone de manifiesto la plena adecuaci\u00f3n de los presentes T\u00e9rminos Legales a la normativa vigente en materia de Protecci\u00f3n de Datos, Comercio Electr\u00f3nico, Condiciones Contrataci\u00f3n, Propiedad Intelectual y dem\u00e1s disposiciones subsidiarias.<\/p>\n<h2>1.- ACEPTACI\u00d3N DE LOS T\u00c9RMINOS LEGALES<\/h2>\n<p>1.1.) El acceso a este sitio web o su utilizaci\u00f3n en cualquier forma implica la aceptaci\u00f3n de todas y cada una de los presentes T\u00e9rminos Legales, reserv\u00e1ndose la CEO, el derecho a modificarlos en cualquier momento. En consecuencia, ser\u00e1 responsabilidad de todo visitante y\/o Usuario, la atenta lectura de los T\u00e9rminos Legales de uso vigente en cada una de las ocasiones en que acceda a este sitio web, por lo que si \u00e9ste no est\u00e1 de acuerdo con cualquiera de los mismos aqu\u00ed dispuestos, deber\u00e1 abstenerse respecto al uso de la presente p\u00e1gina web.<\/p>\n<h2>2.- OBJETO<\/h2>\n<p>2.1.) Por medio de la web www.exportou.com, se facilita a los Usuarios el acceso a diversos contenidos, servicios, informaci\u00f3n y datos (los &#8220;contenidos&#8221;), puestos a su disposici\u00f3n. La CEO se reserva el derecho de modificar en cualquier momento la presentaci\u00f3n, configuraci\u00f3n y localizaci\u00f3n de la p\u00e1gina web, as\u00ed como los contenidos, productos y servicios en \u00e9l dispuestos.<\/p>\n<h2>3.- CONDICIONES DE ACCESO<\/h2>\n<p>3.1.) El acceso a la informaci\u00f3n de los distintos productos y servicios existentes en el sitio web, as\u00ed como a su navegaci\u00f3n ser\u00e1 libre y gratuita no exigi\u00e9ndose por tanto a los Usuarios el pertinente registro con la consecuente entrega de sus datos personales, ni la utilizaci\u00f3n de claves o contrase\u00f1as.<\/p>\n<p>3.2.) Cuando para el acceso a determinados contenidos o servicios sea necesario facilitar datos de car\u00e1cter personal, los Usuarios garantizar\u00e1n su veracidad, exactitud, autenticidad y vigencia. La CEO dar\u00e1 a dichos datos el tratamiento automatizado que corresponda en funci\u00f3n de su naturaleza o finalidad, en los t\u00e9rminos indicados en la secci\u00f3n de Pol\u00edtica de Protecci\u00f3n de Datos.<\/p>\n<h2>4.- CONDICIONES DE UTILIZACI\u00d3N<\/h2>\n<p>4.1.) El Usuario se compromete a hacer un uso adecuado y l\u00edcito del sitio web as\u00ed como de los contenidos y servicios, de conformidad con la legislaci\u00f3n aplicable en cada momento, los T\u00e9rminos Legales del sitio web, la moral y buenas costumbres generalmente aceptadas y el orden p\u00fablico.<\/p>\n<p>El Usuario deber\u00e1 abstenerse de:<\/p>\n<ol>\n<li>Hacer un uso no autorizado o fraudulento del sitio web y\/o de los contenidos con fines o efectos il\u00edcitos, prohibidos en los presentes T\u00e9rminos Legales, lesivos de los derechos e intereses de terceros, o que de cualquier forma puedan da\u00f1ar, inutilizar, sobrecargar, deteriorar o impedir la normal utilizaci\u00f3n de los servicios o los documentos, archivos y toda clase de contenidos almacenados en cualquier equipo inform\u00e1tico;<\/li>\n<li>Acceder o intentar acceder a recursos o \u00e1reas restringidas del sitio web, sin cumplir las condiciones exigidas para dicho acceso;<\/li>\n<li>Provocar da\u00f1os en los sistemas f\u00edsicos o l\u00f3gicos del sitio web, de sus proveedores o de terceros;<\/li>\n<li>Introducir o difundir en la red virus inform\u00e1ticos o cualesquiera otros sistemas f\u00edsicos o l\u00f3gicos que sean susceptibles de provocar da\u00f1os en los sistemas f\u00edsicos o l\u00f3gicos de la CEO, de sus proveedores o de terceros;<\/li>\n<li>Intentar acceder, utilizar y\/o manipular los datos de la CEO, terceros proveedores y otros Usuarios;<\/li>\n<li>Reproducir o copiar, distribuir, permitir el acceso del p\u00fablico a trav\u00e9s de cualquier modalidad de comunicaci\u00f3n p\u00fablica, transformar o modificar los contenidos, a menos que se cuente con la autorizaci\u00f3n expresa del titular de los correspondientes derechos o ello resulte legalmente permitido;<\/li>\n<li>Suprimir, ocultar o manipular las notas sobre derechos de propiedad intelectual o industrial y dem\u00e1s datos identificativos de los derechos de la CEO o de terceros incorporados a los contenidos, as\u00ed como los dispositivos t\u00e9cnicos de protecci\u00f3n o cualesquiera mecanismos de informaci\u00f3n que puedan insertarse en los contenidos;<\/li>\n<li>Intentar obtener datos personales distintos a los que est\u00e1 autorizado a conocer, empleando para ello medios o procedimientos il\u00edcitos, fraudulentos o que puedan causar cualquier tipo de da\u00f1o. (V\u00e9ase Virus, troyanos, bug\u00b4s, Worms, etc)<\/li>\n<li>En particular, y a t\u00edtulo meramente indicativo y no exhaustivo, el Usuario se compromete a no transmitir, difundir o poner a disposici\u00f3n de terceros informaciones, datos, contenidos, mensajes, gr\u00e1ficos, dibujos, archivos de sonido y\/o imagen, fotograf\u00edas, grabaciones, software y, en general, cualquier clase de material que:\n<ol style=\"list-style-type: lower-alpha;\">\n<li>De cualquier forma sea contrario, menosprecie o atente contra los derechos fundamentales y las libertades p\u00fablicas reconocidas constitucionalmente, en los Tratados Internacionales y en el resto de la legislaci\u00f3n;<\/li>\n<li>Induzca, incite o promueva actuaciones delictivas, denigratorias, difamatorias, violentas o, en general, contrarias a la ley, a la moral, a las buenas costumbres generalmente aceptadas o al orden p\u00fablico;<\/li>\n<li>Induzca, incite o promueva actuaciones, actitudes o pensamientos discriminatorios por raz\u00f3n de sexo, raza, religi\u00f3n, creencias, edad o condici\u00f3n;<\/li>\n<li>Incorpore, ponga a disposici\u00f3n o permita acceder a productos, elementos, mensajes y\/o servicios delictivos, violentos, ofensivos, nocivos, degradantes o, en general, contrarios a la ley, a la moral y a las buenas costumbres generalmente aceptadas o al orden p\u00fablico;<\/li>\n<li>Induzca o pueda inducir a un estado inaceptable de ansiedad o temor;<\/li>\n<li>Induzca o incite a involucrarse en pr\u00e1cticas peligrosas, de riesgo o nocivas para la salud y el equilibrio ps\u00edquico;<\/li>\n<li>Se encuentra protegido por la legislaci\u00f3n en materia de protecci\u00f3n intelectual o industrial perteneciente a la CEO o a terceros sin que haya sido autorizado el uso que se pretenda hacer;<\/li>\n<li>Sea contrario al honor, a la intimidad personal y familiar o a la propia imagen de las personas;<\/li>\n<li>Constituya cualquier tipo de publicidad;<\/li>\n<li>Incluya cualquier tipo de virus o programa que impida el normal funcionamiento del sitio web.<\/li>\n<\/ol>\n<\/li>\n<\/ol>\n<h2>5.- RESPONSABILIDADES<\/h2>\n<p>5.1.) La CEO no garantiza el acceso continuado, ni la correcta visualizaci\u00f3n, descarga o utilidad de los elementos e informaciones contenidas en las p\u00e1ginas de la CEO, que pueden verse impedidos, dificultados o interrumpidos por factores o circunstancias que est\u00e1n fuera de su control.<\/p>\n<p>5.2.) La CEO podr\u00e1 interrumpir el servicio o resolver de modo inmediato la relaci\u00f3n con el Usuario si detecta un uso de su Portal o de cualquiera de los servicios ofertados en el mismo son contrarios a los presentes T\u00e9rminos Legales.<\/p>\n<p>5.3.) La CEO pone a disposici\u00f3n de los Usuarios una direcci\u00f3n de correo electr\u00f3nico ceo@ceo.es para que cualquier contenido que pueda afectar a la actividad de otros usuarios sea puesto de manifiesto, con la voluntad de rectificar el mismo en caso de ser apropiado.<\/p>\n<p>5.4.) La CEO no se hace responsable por da\u00f1os, perjuicios, p\u00e9rdidas, reclamaciones o gastos, producidos por:<\/p>\n<ol>\n<li>interferencias, interrupciones, fallos, omisiones, aver\u00edas telef\u00f3nicas, retrasos, bloqueos o desconexiones en el funcionamiento del sistema electr\u00f3nico, motivadas por deficiencias, sobrecargas y errores en las l\u00edneas y redes de telecomunicaciones, o por cualquier otra causa ajena al control de la CEO.<\/li>\n<li>intromisiones ileg\u00edtimas mediante el uso de programas malignos de cualquier tipo y a trav\u00e9s de cualquier medio de comunicaci\u00f3n, tales como virus inform\u00e1ticos o cualesquiera otros.<\/li>\n<li>iii. abuso indebido o inadecuado de las p\u00e1ginas web de la CEO.<\/li>\n<li>errores de seguridad o navegaci\u00f3n producidos por un mal funcionamiento del navegador o por el uso de versiones no actualizadas del mismo. Los administradores de la CEO se reservan el derecho de retirar, total o parcialmente, cualquier contenido o informaci\u00f3n presente en la web.<\/li>\n<\/ol>\n<p>5.5.) La CEO excluye cualquier responsabilidad por los da\u00f1os y perjuicios de toda naturaleza que pudieran deberse a la mala utilizaci\u00f3n de los servicios de libre disposici\u00f3n y uso por parte de los usuarios de la Web. Asimismo, la CEO queda exonerada de cualquier responsabilidad por el contenido e informaciones que puedan ser recibidas como consecuencia de los formularios de recogida de datos, estando los mismos \u00fanicamente para la prestaci\u00f3n de los servicios descritos ofertados por la CEO; Servicios tales como Implementaci\u00f3n de software y soluciones bajo la reacci\u00f3n de aplicaciones para dispositivos m\u00f3viles, visualizaci\u00f3n de blogs, web, marketing on-line y off-line, etc. Y Solicitud de presupuestos. Por otro lado, en caso de causar da\u00f1os y perjuicios por un uso il\u00edcito o incorrecto de dichos servicios.<\/p>\n<h2>6.- PROPIEDAD INTELECTUAL E INDUSTRIAL<\/h2>\n<p>6.1.) El Usuario reconoce y acepta que todas las marcas, nombres comerciales o signos distintivos, todos los derechos de propiedad industrial e intelectual, sobre los contenidos y\/o cualesquiera otros elementos insertados en el p\u00e1gina, son propiedad exclusiva de la CEO y\/o de terceros, quienes tiene el derecho exclusivo de utilizarlos en el tr\u00e1fico econ\u00f3mico. En ning\u00fan caso el acceso a la p\u00e1gina Web implica ning\u00fan tipo de renuncia, transmisi\u00f3n, licencia o cesi\u00f3n total ni parcial de dichos derechos, salvo que se establezca expresamente lo contrario. Los presentes T\u00e9rminos Legales de la p\u00e1gina Web no confieren a los Usuarios ning\u00fan otro derecho de utilizaci\u00f3n, alteraci\u00f3n, explotaci\u00f3n, reproducci\u00f3n, distribuci\u00f3n o comunicaci\u00f3n p\u00fablica de la p\u00e1gina Web y\/o de sus Contenidos distintos de los aqu\u00ed expresamente previstos. Cualquier otro uso o explotaci\u00f3n de cualesquiera derechos estar\u00e1 sujeto a la previa y expresa autorizaci\u00f3n espec\u00edficamente otorgada a tal efecto por la CEO o el tercero titular de los derechos afectados.<\/p>\n<p>6.2.) Los contenidos, textos, fotograf\u00edas, dise\u00f1os, logotipos, im\u00e1genes, programas de ordenador, c\u00f3digos fuente y, en general, cualquier creaci\u00f3n intelectual existente en este sitio, as\u00ed como el propio sitio en su conjunto, como obra art\u00edstica multimedia, est\u00e1n protegidos como derechos de autor por la legislaci\u00f3n en materia de propiedad intelectual. La CEO es titular de los elementos que integran el dise\u00f1o gr\u00e1fico de su p\u00e1gina web, lo men\u00fas, botones de navegaci\u00f3n, el c\u00f3digo HTML, los textos, im\u00e1genes, texturas, gr\u00e1ficos y cualquier otro contenido de la p\u00e1gina Web o, en cualquier caso dispone de la correspondiente autorizaci\u00f3n para la utilizaci\u00f3n de dichos elementos. El contenido dispuesto en dicha web no podr\u00e1 ser reproducido ni en todo ni en parte, ni transmitido, ni registrado por ning\u00fan sistema de recuperaci\u00f3n de informaci\u00f3n, en ninguna forma ni en ning\u00fan medio, a menos que se cuente con la autorizaci\u00f3n previa, por escrito, de la citada Entidad.<\/p>\n<p>6.3.) As\u00ed mismo queda prohibido suprimir, eludir o manipular el &#8220;copyright&#8221; de la CEO, as\u00ed como los dispositivos t\u00e9cnicos de protecci\u00f3n, o cualesquiera mecanismos de informaci\u00f3n que pudieren contener los contenidos. El Usuario de este sitio Web se compromete a respetar los derechos enunciados y a evitar cualquier actuaci\u00f3n que pudiera perjudicarlos, reserv\u00e1ndose en todo caso la CEO el ejercicio de cuantos medios o acciones legales le correspondan en defensa de sus leg\u00edtimos derechos de propiedad intelectual e industrial.<\/p>\n<h2>7.- PROTECCI\u00d3N DE DATOS<\/h2>\n<p>7.1.) Para utilizar algunos de los Servicios, los Usuarios deben proporcionar previamente ciertos datos de car\u00e1cter personal. Para ello, la CEO tratar\u00e1 automatizadamente los Datos Personales en cumplimiento con la Ley Org\u00e1nica 15\/1999 de 13 de diciembre de Protecci\u00f3n de Datos de Car\u00e1cter Personal. Para ello, el usuario puede acceder a la pol\u00edtica seguida en el tratamiento de los datos personales (POLITICA PROTECCION DE DATOS) as\u00ed como el establecimiento de las finalidades previamente establecidas, a lo dispuesto en las condiciones definidas en la Pol\u00edtica de Protecci\u00f3n de Datos que presenta el Web.<\/p>\n<h2>8.- DURACI\u00d3N Y TERMINACI\u00d3N<\/h2>\n<p>8.1.) La prestaci\u00f3n del servicio del presente sitio Web y los dem\u00e1s servicios tienen en principio una duraci\u00f3n indefinida. No obstante, la CEO podr\u00e1 dar por terminada o suspender cualquiera de los servicios del portal. Cuando sea ello posible, la CEO anunciar\u00e1 la terminaci\u00f3n o suspensi\u00f3n de la prestaci\u00f3n del servicio determinado.<\/p>\n<h2>9.- FUERZA MAYOR<\/h2>\n<p>9.1.) La CEO no ser\u00e1 responsable en todo en caso de imposibilidad de prestar servicio, si \u00e9sta se debe a interrupciones prolongadas del suministro el\u00e9ctrico, l\u00edneas de telecomunicaciones, conflictos sociales, huelgas, rebeli\u00f3n, explosiones, inundaciones, actos y omisiones del Gobierno, y en general todos los supuestos de fuerza mayor.<\/p>\n<h2>10.- LEY APLICABLE Y JURISDICCI\u00d3N<\/h2>\n<p>10.1.) Los presentes T\u00e9rminos Legales se rigen por la Ley espa\u00f1ola. En la medida en que as\u00ed lo permita la ley, las partes con renuncia expresa a cualquier otro fuero que pudiera corresponderles, acuerdan someterse a la jurisdicci\u00f3n de los Juzgados y Tribunales de Ourense.<\/p>\n<p>&nbsp;<\/p>\n","protected":false},"excerpt":{"rendered":"<p>La Confederaci\u00f3n Empresarial de Ourense (en adelante \u00a0CEO), con domicilio en Praza das Damas 1, C.P. 32005 Ourense y con CIF n\u00ba G32012742 INFORMA: La utilizaci\u00f3n del nombre de dominio www.exportou.com (as\u00ed como su versi\u00f3n para dispositivos m\u00f3viles, subdominios, blog, etc) se encuentra debidamente registrado por la CEO, con todas las garant\u00edas, tal y como [&hellip;]<\/p>\n","protected":false},"author":1,"featured_media":0,"parent":0,"menu_order":12,"comment_status":"closed","ping_status":"closed","template":"","meta":[],"yoast_head":"<!-- This site is optimized with the Yoast SEO plugin v20.9 - https:\/\/yoast.com\/wordpress\/plugins\/seo\/ -->\n<title>Aviso legal - Exportou<\/title>\n<meta name=\"robots\" content=\"index, follow, max-snippet:-1, max-image-preview:large, max-video-preview:-1\" \/>\n<link rel=\"canonical\" href=\"https:\/\/exportou.com\/en\/aviso-legal\/\" \/>\n<meta property=\"og:locale\" content=\"en_US\" \/>\n<meta property=\"og:type\" content=\"article\" \/>\n<meta property=\"og:title\" content=\"Aviso legal - Exportou\" \/>\n<meta property=\"og:description\" content=\"La Confederaci\u00f3n Empresarial de Ourense (en adelante \u00a0CEO), con domicilio en Praza das Damas 1, C.P. 32005 Ourense y con CIF n\u00ba G32012742 INFORMA: La utilizaci\u00f3n del nombre de dominio www.exportou.com (as\u00ed como su versi\u00f3n para dispositivos m\u00f3viles, subdominios, blog, etc) se encuentra debidamente registrado por la CEO, con todas las garant\u00edas, tal y como [&hellip;]\" \/>\n<meta property=\"og:url\" content=\"https:\/\/exportou.com\/en\/aviso-legal\/\" \/>\n<meta property=\"og:site_name\" content=\"Exportou\" \/>\n<meta property=\"article:modified_time\" content=\"2018-11-16T16:29:25+00:00\" \/>\n<meta name=\"twitter:card\" content=\"summary_large_image\" \/>\n<meta name=\"twitter:label1\" content=\"Est. reading time\" \/>\n\t<meta name=\"twitter:data1\" content=\"11 minutes\" \/>\n<script type=\"application\/ld+json\" class=\"yoast-schema-graph\">{\"@context\":\"https:\/\/schema.org\",\"@graph\":[{\"@type\":\"WebPage\",\"@id\":\"https:\/\/exportou.com\/en\/aviso-legal\/\",\"url\":\"https:\/\/exportou.com\/en\/aviso-legal\/\",\"name\":\"Aviso legal - Exportou\",\"isPartOf\":{\"@id\":\"https:\/\/exportou.com\/#website\"},\"datePublished\":\"2017-09-05T10:01:36+00:00\",\"dateModified\":\"2018-11-16T16:29:25+00:00\",\"breadcrumb\":{\"@id\":\"https:\/\/exportou.com\/en\/aviso-legal\/#breadcrumb\"},\"inLanguage\":\"en-US\",\"potentialAction\":[{\"@type\":\"ReadAction\",\"target\":[\"https:\/\/exportou.com\/en\/aviso-legal\/\"]}]},{\"@type\":\"BreadcrumbList\",\"@id\":\"https:\/\/exportou.com\/en\/aviso-legal\/#breadcrumb\",\"itemListElement\":[{\"@type\":\"ListItem\",\"position\":1,\"name\":\"Portada\",\"item\":\"https:\/\/exportou.com\/en\/inicio-2\/\"},{\"@type\":\"ListItem\",\"position\":2,\"name\":\"Aviso legal\"}]},{\"@type\":\"WebSite\",\"@id\":\"https:\/\/exportou.com\/#website\",\"url\":\"https:\/\/exportou.com\/\",\"name\":\"Exportou\",\"description\":\"\",\"potentialAction\":[{\"@type\":\"SearchAction\",\"target\":{\"@type\":\"EntryPoint\",\"urlTemplate\":\"https:\/\/exportou.com\/?s={search_term_string}\"},\"query-input\":\"required name=search_term_string\"}],\"inLanguage\":\"en-US\"}]}<\/script>\n<!-- \/ Yoast SEO plugin. -->","yoast_head_json":{"title":"Aviso legal - Exportou","robots":{"index":"index","follow":"follow","max-snippet":"max-snippet:-1","max-image-preview":"max-image-preview:large","max-video-preview":"max-video-preview:-1"},"canonical":"https:\/\/exportou.com\/en\/aviso-legal\/","og_locale":"en_US","og_type":"article","og_title":"Aviso legal - Exportou","og_description":"La Confederaci\u00f3n Empresarial de Ourense (en adelante \u00a0CEO), con domicilio en Praza das Damas 1, C.P. 32005 Ourense y con CIF n\u00ba G32012742 INFORMA: La utilizaci\u00f3n del nombre de dominio www.exportou.com (as\u00ed como su versi\u00f3n para dispositivos m\u00f3viles, subdominios, blog, etc) se encuentra debidamente registrado por la CEO, con todas las garant\u00edas, tal y como [&hellip;]","og_url":"https:\/\/exportou.com\/en\/aviso-legal\/","og_site_name":"Exportou","article_modified_time":"2018-11-16T16:29:25+00:00","twitter_card":"summary_large_image","twitter_misc":{"Est. reading time":"11 minutes"},"schema":{"@context":"https:\/\/schema.org","@graph":[{"@type":"WebPage","@id":"https:\/\/exportou.com\/en\/aviso-legal\/","url":"https:\/\/exportou.com\/en\/aviso-legal\/","name":"Aviso legal - Exportou","isPartOf":{"@id":"https:\/\/exportou.com\/#website"},"datePublished":"2017-09-05T10:01:36+00:00","dateModified":"2018-11-16T16:29:25+00:00","breadcrumb":{"@id":"https:\/\/exportou.com\/en\/aviso-legal\/#breadcrumb"},"inLanguage":"en-US","potentialAction":[{"@type":"ReadAction","target":["https:\/\/exportou.com\/en\/aviso-legal\/"]}]},{"@type":"BreadcrumbList","@id":"https:\/\/exportou.com\/en\/aviso-legal\/#breadcrumb","itemListElement":[{"@type":"ListItem","position":1,"name":"Portada","item":"https:\/\/exportou.com\/en\/inicio-2\/"},{"@type":"ListItem","position":2,"name":"Aviso legal"}]},{"@type":"WebSite","@id":"https:\/\/exportou.com\/#website","url":"https:\/\/exportou.com\/","name":"Exportou","description":"","potentialAction":[{"@type":"SearchAction","target":{"@type":"EntryPoint","urlTemplate":"https:\/\/exportou.com\/?s={search_term_string}"},"query-input":"required name=search_term_string"}],"inLanguage":"en-US"}]}},"_links":{"self":[{"href":"https:\/\/exportou.com\/en\/wp-json\/wp\/v2\/pages\/542"}],"collection":[{"href":"https:\/\/exportou.com\/en\/wp-json\/wp\/v2\/pages"}],"about":[{"href":"https:\/\/exportou.com\/en\/wp-json\/wp\/v2\/types\/page"}],"author":[{"embeddable":true,"href":"https:\/\/exportou.com\/en\/wp-json\/wp\/v2\/users\/1"}],"replies":[{"embeddable":true,"href":"https:\/\/exportou.com\/en\/wp-json\/wp\/v2\/comments?post=542"}],"version-history":[{"count":2,"href":"https:\/\/exportou.com\/en\/wp-json\/wp\/v2\/pages\/542\/revisions"}],"predecessor-version":[{"id":6573,"href":"https:\/\/exportou.com\/en\/wp-json\/wp\/v2\/pages\/542\/revisions\/6573"}],"wp:attachment":[{"href":"https:\/\/exportou.com\/en\/wp-json\/wp\/v2\/media?parent=542"}],"curies":[{"name":"wp","href":"https:\/\/api.w.org\/{rel}","templated":true}]}}